{"id":2,"date":"2024-04-19T09:03:55","date_gmt":"2024-04-19T09:03:55","guid":{"rendered":"https:\/\/scharfenorth.com\/?page_id=2"},"modified":"2024-05-03T15:08:57","modified_gmt":"2024-05-03T15:08:57","slug":"sample-page","status":"publish","type":"page","link":"https:\/\/scharfenorth.com\/?page_id=2","title":{"rendered":"Wer bin ich?"},"content":{"rendered":"\t\t<div data-elementor-type=\"wp-page\" data-elementor-id=\"2\" class=\"elementor elementor-2\">\n\t\t\t\t<div class=\"elementor-element elementor-element-70042ea2 e-flex e-con-boxed e-con e-parent\" data-id=\"70042ea2\" data-element_type=\"container\">\n\t\t\t\t\t<div class=\"e-con-inner\">\n\t\t\t\t<div class=\"elementor-element elementor-element-b7dabd2 elementor-widget elementor-widget-video\" data-id=\"b7dabd2\" data-element_type=\"widget\" data-settings=\"{&quot;youtube_url&quot;:&quot;https:\\\/\\\/youtu.be\\\/fnFOm6x1Om0&quot;,&quot;video_type&quot;:&quot;youtube&quot;,&quot;controls&quot;:&quot;yes&quot;}\" data-widget_type=\"video.default\">\n\t\t\t\t<div class=\"elementor-widget-container\">\n\t\t\t<style>\/*! elementor - v3.21.0 - 18-04-2024 *\/\n.elementor-widget-video .elementor-widget-container{overflow:hidden;transform:translateZ(0)}.elementor-widget-video .elementor-wrapper{aspect-ratio:var(--video-aspect-ratio)}.elementor-widget-video .elementor-wrapper iframe,.elementor-widget-video .elementor-wrapper video{height:100%;width:100%;display:flex;border:none;background-color:#000}@supports not (aspect-ratio:1\/1){.elementor-widget-video .elementor-wrapper{position:relative;overflow:hidden;height:0;padding-bottom:calc(100% \/ var(--video-aspect-ratio))}.elementor-widget-video .elementor-wrapper iframe,.elementor-widget-video .elementor-wrapper video{position:absolute;top:0;right:0;bottom:0;left:0}}.elementor-widget-video .elementor-open-inline .elementor-custom-embed-image-overlay{position:absolute;top:0;right:0;bottom:0;left:0;background-size:cover;background-position:50%}.elementor-widget-video .elementor-custom-embed-image-overlay{cursor:pointer;text-align:center}.elementor-widget-video .elementor-custom-embed-image-overlay:hover .elementor-custom-embed-play i{opacity:1}.elementor-widget-video .elementor-custom-embed-image-overlay img{display:block;width:100%;aspect-ratio:var(--video-aspect-ratio);-o-object-fit:cover;object-fit:cover;-o-object-position:center center;object-position:center center}@supports not (aspect-ratio:1\/1){.elementor-widget-video .elementor-custom-embed-image-overlay{position:relative;overflow:hidden;height:0;padding-bottom:calc(100% \/ var(--video-aspect-ratio))}.elementor-widget-video .elementor-custom-embed-image-overlay img{position:absolute;top:0;right:0;bottom:0;left:0}}.elementor-widget-video .e-hosted-video .elementor-video{-o-object-fit:cover;object-fit:cover}.e-con-inner>.elementor-widget-video,.e-con>.elementor-widget-video{width:var(--container-widget-width);--flex-grow:var(--container-widget-flex-grow)}<\/style>\t\t<div class=\"elementor-wrapper elementor-open-inline\">\n\t\t\t<div class=\"elementor-video\"><\/div>\t\t<\/div>\n\t\t\t\t<\/div>\n\t\t\t\t<\/div>\n\t\t\t\t<div class=\"elementor-element elementor-element-f09e235 elementor-widget elementor-widget-heading\" data-id=\"f09e235\" data-element_type=\"widget\" data-widget_type=\"heading.default\">\n\t\t\t\t<div class=\"elementor-widget-container\">\n\t\t\t<style>\/*! elementor - v3.21.0 - 18-04-2024 *\/\n.elementor-heading-title{padding:0;margin:0;line-height:1}.elementor-widget-heading .elementor-heading-title[class*=elementor-size-]>a{color:inherit;font-size:inherit;line-height:inherit}.elementor-widget-heading .elementor-heading-title.elementor-size-small{font-size:15px}.elementor-widget-heading .elementor-heading-title.elementor-size-medium{font-size:19px}.elementor-widget-heading .elementor-heading-title.elementor-size-large{font-size:29px}.elementor-widget-heading .elementor-heading-title.elementor-size-xl{font-size:39px}.elementor-widget-heading .elementor-heading-title.elementor-size-xxl{font-size:59px}<\/style><h2 class=\"elementor-heading-title elementor-size-default\">J\u00fcrgen Scharfenorth stellt sich vor: <\/h2>\t\t<\/div>\n\t\t\t\t<\/div>\n\t\t\t\t<div class=\"elementor-element elementor-element-6ede8ce1 elementor-widget elementor-widget-text-editor\" data-id=\"6ede8ce1\" data-element_type=\"widget\" data-widget_type=\"text-editor.default\">\n\t\t\t\t<div class=\"elementor-widget-container\">\n\t\t\t<style>\/*! elementor - v3.21.0 - 18-04-2024 *\/\n.elementor-widget-text-editor.elementor-drop-cap-view-stacked .elementor-drop-cap{background-color:#69727d;color:#fff}.elementor-widget-text-editor.elementor-drop-cap-view-framed .elementor-drop-cap{color:#69727d;border:3px solid;background-color:transparent}.elementor-widget-text-editor:not(.elementor-drop-cap-view-default) .elementor-drop-cap{margin-top:8px}.elementor-widget-text-editor:not(.elementor-drop-cap-view-default) .elementor-drop-cap-letter{width:1em;height:1em}.elementor-widget-text-editor .elementor-drop-cap{float:left;text-align:center;line-height:1;font-size:50px}.elementor-widget-text-editor .elementor-drop-cap-letter{display:inline-block}<\/style>\t\t\t\t<p><!-- wp:image {\"id\":8,\"sizeSlug\":\"large\",\"linkDestination\":\"none\"} --><\/p>\n<figure class=\"wp-block-image size-large\"><\/figure>\n<p><!-- \/wp:image --><\/p>\n<p><!-- wp:paragraph --><\/p>\n<p><!-- \/wp:paragraph --><\/p>\n<p><!-- wp:heading --><\/p>\n<p class=\"has-heading-font-family\"><strong>Liebe B\u00fcrgerinnen und B\u00fcrger von Ronneburg,<\/strong><\/p>\n<p class=\"has-heading-font-family\">mit Freude und gro\u00dfem Engagement trete ich in den Wahlkampf um das B\u00fcrgermeisteramt unserer sch\u00f6nen Gemeinde Ronneburg ein. Es ist mir ein Anliegen, mich Ihnen vorzustellen, damit Sie wissen, wer sich f\u00fcr dieses wichtige Amt bewirbt.<\/p>\n<p class=\"has-heading-font-family\">Seit 1996 lebe ich in unserer Gemeinde Ronneburg und habe in den vergangenen zehn Jahren aktiv am Gemeindeleben teilgenommen. Seit 2016 habe ich die Ehre, Ihre Interessen als Mitglied der Gemeindevertretung zu vertreten und mich f\u00fcr die Belange unserer Gemeinschaft einzusetzen.<\/p>\n<p class=\"has-heading-font-family\">Mein Handeln war stets von einem klaren Fokus auf Ronneburg gepr\u00e4gt, unabh\u00e4ngig von politischen Ideologien. Es ist mir ein Herzensanliegen, die besten Ergebnisse f\u00fcr unsere Stadt zu erzielen, und aus diesem Grund trete ich als unabh\u00e4ngiger Kandidat zur B\u00fcrgermeisterwahl an.<\/p>\n<p class=\"has-heading-font-family\">Beruflich bin ich seit \u00fcber 35 Jahren in der Finanzbranche t\u00e4tig. Als gelernter Bankkaufmann und staatlich gepr\u00fcfter Betriebswirt mit Schwerpunkt Finanzwirtschaft habe ich meinen beruflichen Werdegang von der Basis bis hin zu leitenden Positionen durchlaufen. Die F\u00fchrung von Unternehmen ist mir vertraut und gelebte Praxis. Derzeit bin ich als Senior-Berater in einer auf die Investmentindustrie spezialisierten Unternehmensberatung t\u00e4tig. Die Verbindung von Theorie und Praxis sowie die erfolgreiche Umsetzung von Konzepten sind meine St\u00e4rken. Die Zufriedenheit der Kunden war stets von h\u00f6chster Bedeutung f\u00fcr mich, und auch als B\u00fcrgermeister werde ich dieses Ziel verfolgen.<\/p>\n<p class=\"has-heading-font-family\">Die Gemeindeverwaltung ist ein integraler Bestandteil unserer Ronneburger Gemeinschaft. Gemeinsam mit Ihnen, den B\u00fcrgerinnen und B\u00fcrgern von Ronneburg, m\u00f6chte ich mich daf\u00fcr einsetzen, dass die Belange unserer Gemeinde immer an erster Stelle stehen.<\/p>\n<p class=\"has-heading-font-family\">Als Mann der Zahlen habe ich die Haushaltsplanung stets im Sinne der B\u00fcrgerinnen und B\u00fcrger begleitet. Ich habe mich gegen die aktuelle Erh\u00f6hung der Hebes\u00e4tze ausgesprochen, da ich davon \u00fcberzeugt bin, dass eine solide Haushaltsf\u00fchrung eine Belastung f\u00fcr die B\u00fcrgerinnen und B\u00fcrger vermindern kann.<\/p>\n<p class=\"has-heading-font-family\">Nachhaltigkeit ist ein zentrales Thema, dem ich mich immer verpflichtet gef\u00fchlt habe. Als Nachhaltigkeitsbeauftragter habe ich die F\u00f6rderung und Umsetzung nachhaltiger Ma\u00dfnahmen vorangetrieben.<\/p>\n<p class=\"has-heading-font-family\">Neben meinem beruflichen und politischen Engagement habe ich mich auch intensiv ehrenamtlich eingesetzt. Als Mitgr\u00fcnder und Vorstandsmitglied der Pensions-Akademie e.V. besch\u00e4ftigen wir uns seit 9 Jahren mit betrieblicher Altersversorgung und tragen zur Sicherung einer nachhaltigen Zukunft bei. Zudem habe ich den ersten deutschen ESG Award ins Leben gerufen, der Unternehmen f\u00fcr ihre Nachhaltigkeitsbem\u00fchungen auszeichnet.<\/p>\n<p class=\"has-heading-font-family\">Auch in verschiedenen Vereinen habe ich aktiv mitgewirkt. Als Vorstandsmitglied der Langenselbolder Pferdefreunde und durch meine Arbeit im Jugendbereich der Sportvereinigung habe ich mein Engagement f\u00fcr unsere Gemeinschaft unter Beweis gestellt.<\/p>\n<p class=\"has-heading-font-family\">Das Ehrenamt liegt mir besonders am Herzen und wird auch in meiner zuk\u00fcnftigen Arbeit als B\u00fcrgermeister eine zentrale Rolle spielen.<\/p>\n<p class=\"has-heading-font-family\">Gemeinsam k\u00f6nnen wir Ronneburg in eine erfolgreiche Zukunft f\u00fchren.<\/p>\n<p class=\"has-heading-font-family\"><strong>Ihr J\u00fcrgen Scharfenorth, B\u00fcrgermeisterkandidat<\/strong><\/p>\n<p><!-- \/wp:quote --><\/p>\t\t\t\t\t\t<\/div>\n\t\t\t\t<\/div>\n\t\t\t\t\t<\/div>\n\t\t\t\t<\/div>\n\t\t<div class=\"elementor-element elementor-element-9d3c0dd e-flex e-con-boxed e-con e-parent\" data-id=\"9d3c0dd\" data-element_type=\"container\">\n\t\t\t\t\t<div class=\"e-con-inner\">\n\t\t<div class=\"elementor-element elementor-element-1556b3b e-con-full e-flex e-con e-child\" data-id=\"1556b3b\" data-element_type=\"container\">\n\t\t\t\t<div class=\"elementor-element elementor-element-728b086 elementor-widget elementor-widget-image\" data-id=\"728b086\" data-element_type=\"widget\" data-widget_type=\"image.default\">\n\t\t\t\t<div class=\"elementor-widget-container\">\n\t\t\t<style>\/*! elementor - v3.21.0 - 18-04-2024 *\/\n.elementor-widget-image{text-align:center}.elementor-widget-image a{display:inline-block}.elementor-widget-image a img[src$=\".svg\"]{width:48px}.elementor-widget-image img{vertical-align:middle;display:inline-block}<\/style>\t\t\t\t\t\t\t\t\t\t<img fetchpriority=\"high\" decoding=\"async\" width=\"679\" height=\"1024\" src=\"https:\/\/scharfenorth.com\/wp-content\/uploads\/2024\/04\/cropped-cropped-Raps_Hochkant-scaled-1-679x1024.jpg\" class=\"attachment-large size-large wp-image-23\" alt=\"J\u00fcrgen Scharfenorth vor Rapsfeld, Ronneburg im Hintergrund\" srcset=\"https:\/\/scharfenorth.com\/wp-content\/uploads\/2024\/04\/cropped-cropped-Raps_Hochkant-scaled-1-679x1024.jpg 679w, https:\/\/scharfenorth.com\/wp-content\/uploads\/2024\/04\/cropped-cropped-Raps_Hochkant-scaled-1-199x300.jpg 199w, https:\/\/scharfenorth.com\/wp-content\/uploads\/2024\/04\/cropped-cropped-Raps_Hochkant-scaled-1-768x1158.jpg 768w, https:\/\/scharfenorth.com\/wp-content\/uploads\/2024\/04\/cropped-cropped-Raps_Hochkant-scaled-1-1019x1536.jpg 1019w, https:\/\/scharfenorth.com\/wp-content\/uploads\/2024\/04\/cropped-cropped-Raps_Hochkant-scaled-1-1359x2048.jpg 1359w, https:\/\/scharfenorth.com\/wp-content\/uploads\/2024\/04\/cropped-cropped-Raps_Hochkant-scaled-1.jpg 1500w\" sizes=\"(max-width: 679px) 100vw, 679px\" \/>\t\t\t\t\t\t\t\t\t\t\t\t\t<\/div>\n\t\t\t\t<\/div>\n\t\t\t\t<\/div>\n\t\t<div class=\"elementor-element elementor-element-186a5d2 e-con-full e-flex e-con e-child\" data-id=\"186a5d2\" data-element_type=\"container\">\n\t\t<div class=\"elementor-element elementor-element-c3e4ab9 e-flex e-con-boxed e-con e-child\" data-id=\"c3e4ab9\" data-element_type=\"container\">\n\t\t\t\t\t<div class=\"e-con-inner\">\n\t\t\t\t<div class=\"elementor-element elementor-element-12eb248 elementor-widget elementor-widget-heading\" data-id=\"12eb248\" data-element_type=\"widget\" data-widget_type=\"heading.default\">\n\t\t\t\t<div class=\"elementor-widget-container\">\n\t\t\t<h2 class=\"elementor-heading-title elementor-size-default\">Kontakt<\/h2>\t\t<\/div>\n\t\t\t\t<\/div>\n\t\t\t\t\t<\/div>\n\t\t\t\t<\/div>\n\t\t<div class=\"elementor-element elementor-element-5ce019c e-flex e-con-boxed e-con e-child\" data-id=\"5ce019c\" data-element_type=\"container\">\n\t\t\t\t\t<div class=\"e-con-inner\">\n\t\t\t\t<div class=\"elementor-element elementor-element-7000875 elementor-widget elementor-widget-text-editor\" data-id=\"7000875\" data-element_type=\"widget\" data-widget_type=\"text-editor.default\">\n\t\t\t\t<div class=\"elementor-widget-container\">\n\t\t\t\t\t\t\t<p style=\"text-align: center;\"><strong>Ich freue mich \u00fcber Ihre Anregungen\u00a0<\/strong><\/p>\t\t\t\t\t\t<\/div>\n\t\t\t\t<\/div>\n\t\t\t\t<div class=\"elementor-element elementor-element-53c635b elementor-widget elementor-widget-text-editor\" data-id=\"53c635b\" data-element_type=\"widget\" data-widget_type=\"text-editor.default\">\n\t\t\t\t<div class=\"elementor-widget-container\">\n\t\t\t\t\t\t\t<p><span style=\"color: #000000;\">MAIL: juergen@scharfenorth.com<\/span><\/p>\n<p><span style=\"color: #000000;\">MOBIL: 017682368284<\/span><\/p>\n<p style=\"text-align: left;\"><span style=\"color: #000000;\">facebook: J\u00fcrgen Scharfenorth\u00a0<\/span><\/p>\n<p style=\"text-align: left;\">\u00a0<\/p>\t\t\t\t\t\t<\/div>\n\t\t\t\t<\/div>\n\t\t\t\t\t<\/div>\n\t\t\t\t<\/div>\n\t\t\t\t<\/div>\n\t\t\t\t\t<\/div>\n\t\t\t\t<\/div>\n\t\t\t\t<\/div>\n\t\t","protected":false},"excerpt":{"rendered":"<p>J\u00fcrgen Scharfenorth stellt sich vor: Liebe B\u00fcrgerinnen und B\u00fcrger von Ronneburg, mit Freude und gro\u00dfem Engagement trete ich in den Wahlkampf um das B\u00fcrgermeisteramt unserer sch\u00f6nen Gemeinde Ronneburg ein. Es ist mir ein Anliegen, mich Ihnen vorzustellen, damit Sie wissen, wer sich f\u00fcr dieses wichtige Amt bewirbt. Seit 1996 lebe ich in unserer Gemeinde Ronneburg [&hellip;]<\/p>\n","protected":false},"author":1,"featured_media":0,"parent":0,"menu_order":0,"comment_status":"closed","ping_status":"closed","template":"","meta":{"footnotes":""},"_links":{"self":[{"href":"https:\/\/scharfenorth.com\/index.php?rest_route=\/wp\/v2\/pages\/2"}],"collection":[{"href":"https:\/\/scharfenorth.com\/index.php?rest_route=\/wp\/v2\/pages"}],"about":[{"href":"https:\/\/scharfenorth.com\/index.php?rest_route=\/wp\/v2\/types\/page"}],"author":[{"embeddable":true,"href":"https:\/\/scharfenorth.com\/index.php?rest_route=\/wp\/v2\/users\/1"}],"replies":[{"embeddable":true,"href":"https:\/\/scharfenorth.com\/index.php?rest_route=%2Fwp%2Fv2%2Fcomments&post=2"}],"version-history":[{"count":6,"href":"https:\/\/scharfenorth.com\/index.php?rest_route=\/wp\/v2\/pages\/2\/revisions"}],"predecessor-version":[{"id":151,"href":"https:\/\/scharfenorth.com\/index.php?rest_route=\/wp\/v2\/pages\/2\/revisions\/151"}],"wp:attachment":[{"href":"https:\/\/scharfenorth.com\/index.php?rest_route=%2Fwp%2Fv2%2Fmedia&parent=2"}],"curies":[{"name":"wp","href":"https:\/\/api.w.org\/{rel}","templated":true}]}}