{"id":15,"date":"2024-04-19T10:02:42","date_gmt":"2024-04-19T10:02:42","guid":{"rendered":"https:\/\/scharfenorth.com\/?page_id=15"},"modified":"2024-05-22T20:00:55","modified_gmt":"2024-05-22T20:00:55","slug":"veranstaltungen","status":"publish","type":"page","link":"https:\/\/scharfenorth.com\/?page_id=15","title":{"rendered":"Veranstaltungen"},"content":{"rendered":"\t\t<div data-elementor-type=\"wp-page\" data-elementor-id=\"15\" class=\"elementor elementor-15\">\n\t\t\t\t<div class=\"elementor-element elementor-element-54b3ebd2 e-flex e-con-boxed e-con e-parent\" data-id=\"54b3ebd2\" data-element_type=\"container\">\n\t\t\t\t\t<div class=\"e-con-inner\">\n\t\t\t\t<div class=\"elementor-element elementor-element-980bda2 elementor-widget elementor-widget-heading\" data-id=\"980bda2\" data-element_type=\"widget\" data-widget_type=\"heading.default\">\n\t\t\t\t<div class=\"elementor-widget-container\">\n\t\t\t<style>\/*! elementor - v3.21.0 - 18-04-2024 *\/\n.elementor-heading-title{padding:0;margin:0;line-height:1}.elementor-widget-heading .elementor-heading-title[class*=elementor-size-]>a{color:inherit;font-size:inherit;line-height:inherit}.elementor-widget-heading .elementor-heading-title.elementor-size-small{font-size:15px}.elementor-widget-heading .elementor-heading-title.elementor-size-medium{font-size:19px}.elementor-widget-heading .elementor-heading-title.elementor-size-large{font-size:29px}.elementor-widget-heading .elementor-heading-title.elementor-size-xl{font-size:39px}.elementor-widget-heading .elementor-heading-title.elementor-size-xxl{font-size:59px}<\/style><h2 class=\"elementor-heading-title elementor-size-default\">Termine<\/h2>\t\t<\/div>\n\t\t\t\t<\/div>\n\t\t\t\t<div class=\"elementor-element elementor-element-308d4d9d elementor-widget elementor-widget-text-editor\" data-id=\"308d4d9d\" data-element_type=\"widget\" data-widget_type=\"text-editor.default\">\n\t\t\t\t<div class=\"elementor-widget-container\">\n\t\t\t<style>\/*! elementor - v3.21.0 - 18-04-2024 *\/\n.elementor-widget-text-editor.elementor-drop-cap-view-stacked .elementor-drop-cap{background-color:#69727d;color:#fff}.elementor-widget-text-editor.elementor-drop-cap-view-framed .elementor-drop-cap{color:#69727d;border:3px solid;background-color:transparent}.elementor-widget-text-editor:not(.elementor-drop-cap-view-default) .elementor-drop-cap{margin-top:8px}.elementor-widget-text-editor:not(.elementor-drop-cap-view-default) .elementor-drop-cap-letter{width:1em;height:1em}.elementor-widget-text-editor .elementor-drop-cap{float:left;text-align:center;line-height:1;font-size:50px}.elementor-widget-text-editor .elementor-drop-cap-letter{display:inline-block}<\/style>\t\t\t\t<!-- wp:heading -->\n<h3 class=\"wp-block-heading\">Spazierg\u00e4nge<\/h3>\n<!-- \/wp:heading --><!-- wp:quote -->\n<blockquote class=\"wp-block-quote\"><!-- wp:paragraph -->\n<p><em>Ich m\u00f6chte Ihnen die Chance bieten mich so kennenzulernen, wie ich bin. Daher habe ich mir \u00fcberlegt, im Sinne meiner Agenda, an einigen Sonntagen kleine Spazierg\u00e4nge von unseren &#8222;Lost-Places&#8220; zu Treffpunkten der Gemeinschaft zu machen. So k\u00f6nnen Sie mich ganz pers\u00f6nlich kennenlernen! Abschlie\u00dfen m\u00f6chte ich diese Veranstaltungen in gem\u00fctlicher Atmosph\u00e4re bei Kaffee und Kuchen. Ich freue mich auf den Austausch.<\/em><\/p>\n<\/blockquote>\n<!-- \/wp:list -->\t\t\t\t\t\t<\/div>\n\t\t\t\t<\/div>\n\t\t\t\t\t<\/div>\n\t\t\t\t<\/div>\n\t\t<div class=\"elementor-element elementor-element-2cf59b6 e-flex e-con-boxed e-con e-parent\" data-id=\"2cf59b6\" data-element_type=\"container\">\n\t\t\t\t\t<div class=\"e-con-inner\">\n\t\t\t\t<div class=\"elementor-element elementor-element-1745c10 elementor-widget-divider--view-line elementor-widget elementor-widget-divider\" data-id=\"1745c10\" data-element_type=\"widget\" data-widget_type=\"divider.default\">\n\t\t\t\t<div class=\"elementor-widget-container\">\n\t\t\t<style>\/*! elementor - v3.21.0 - 18-04-2024 *\/\n.elementor-widget-divider{--divider-border-style:none;--divider-border-width:1px;--divider-color:#0c0d0e;--divider-icon-size:20px;--divider-element-spacing:10px;--divider-pattern-height:24px;--divider-pattern-size:20px;--divider-pattern-url:none;--divider-pattern-repeat:repeat-x}.elementor-widget-divider .elementor-divider{display:flex}.elementor-widget-divider .elementor-divider__text{font-size:15px;line-height:1;max-width:95%}.elementor-widget-divider .elementor-divider__element{margin:0 var(--divider-element-spacing);flex-shrink:0}.elementor-widget-divider .elementor-icon{font-size:var(--divider-icon-size)}.elementor-widget-divider .elementor-divider-separator{display:flex;margin:0;direction:ltr}.elementor-widget-divider--view-line_icon .elementor-divider-separator,.elementor-widget-divider--view-line_text .elementor-divider-separator{align-items:center}.elementor-widget-divider--view-line_icon .elementor-divider-separator:after,.elementor-widget-divider--view-line_icon .elementor-divider-separator:before,.elementor-widget-divider--view-line_text .elementor-divider-separator:after,.elementor-widget-divider--view-line_text .elementor-divider-separator:before{display:block;content:\"\";border-block-end:0;flex-grow:1;border-block-start:var(--divider-border-width) var(--divider-border-style) var(--divider-color)}.elementor-widget-divider--element-align-left .elementor-divider .elementor-divider-separator>.elementor-divider__svg:first-of-type{flex-grow:0;flex-shrink:100}.elementor-widget-divider--element-align-left .elementor-divider-separator:before{content:none}.elementor-widget-divider--element-align-left .elementor-divider__element{margin-left:0}.elementor-widget-divider--element-align-right .elementor-divider .elementor-divider-separator>.elementor-divider__svg:last-of-type{flex-grow:0;flex-shrink:100}.elementor-widget-divider--element-align-right .elementor-divider-separator:after{content:none}.elementor-widget-divider--element-align-right .elementor-divider__element{margin-right:0}.elementor-widget-divider--element-align-start .elementor-divider .elementor-divider-separator>.elementor-divider__svg:first-of-type{flex-grow:0;flex-shrink:100}.elementor-widget-divider--element-align-start .elementor-divider-separator:before{content:none}.elementor-widget-divider--element-align-start .elementor-divider__element{margin-inline-start:0}.elementor-widget-divider--element-align-end .elementor-divider .elementor-divider-separator>.elementor-divider__svg:last-of-type{flex-grow:0;flex-shrink:100}.elementor-widget-divider--element-align-end .elementor-divider-separator:after{content:none}.elementor-widget-divider--element-align-end .elementor-divider__element{margin-inline-end:0}.elementor-widget-divider:not(.elementor-widget-divider--view-line_text):not(.elementor-widget-divider--view-line_icon) .elementor-divider-separator{border-block-start:var(--divider-border-width) var(--divider-border-style) var(--divider-color)}.elementor-widget-divider--separator-type-pattern{--divider-border-style:none}.elementor-widget-divider--separator-type-pattern.elementor-widget-divider--view-line .elementor-divider-separator,.elementor-widget-divider--separator-type-pattern:not(.elementor-widget-divider--view-line) .elementor-divider-separator:after,.elementor-widget-divider--separator-type-pattern:not(.elementor-widget-divider--view-line) .elementor-divider-separator:before,.elementor-widget-divider--separator-type-pattern:not([class*=elementor-widget-divider--view]) .elementor-divider-separator{width:100%;min-height:var(--divider-pattern-height);-webkit-mask-size:var(--divider-pattern-size) 100%;mask-size:var(--divider-pattern-size) 100%;-webkit-mask-repeat:var(--divider-pattern-repeat);mask-repeat:var(--divider-pattern-repeat);background-color:var(--divider-color);-webkit-mask-image:var(--divider-pattern-url);mask-image:var(--divider-pattern-url)}.elementor-widget-divider--no-spacing{--divider-pattern-size:auto}.elementor-widget-divider--bg-round{--divider-pattern-repeat:round}.rtl .elementor-widget-divider .elementor-divider__text{direction:rtl}.e-con-inner>.elementor-widget-divider,.e-con>.elementor-widget-divider{width:var(--container-widget-width,100%);--flex-grow:var(--container-widget-flex-grow)}<\/style>\t\t<div class=\"elementor-divider\">\n\t\t\t<span class=\"elementor-divider-separator\">\n\t\t\t\t\t\t<\/span>\n\t\t<\/div>\n\t\t\t\t<\/div>\n\t\t\t\t<\/div>\n\t\t\t\t\t<\/div>\n\t\t\t\t<\/div>\n\t\t<div class=\"elementor-element elementor-element-75d3c5e e-flex e-con-boxed e-con e-parent\" data-id=\"75d3c5e\" data-element_type=\"container\">\n\t\t\t\t\t<div class=\"e-con-inner\">\n\t\t<div class=\"elementor-element elementor-element-b2a1d7c e-con-full e-flex e-con e-child\" data-id=\"b2a1d7c\" data-element_type=\"container\">\n\t\t\t\t<div class=\"elementor-element elementor-element-64c5491 elementor-view-default elementor-widget elementor-widget-icon\" data-id=\"64c5491\" data-element_type=\"widget\" data-widget_type=\"icon.default\">\n\t\t\t\t<div class=\"elementor-widget-container\">\n\t\t\t\t\t<div class=\"elementor-icon-wrapper\">\n\t\t\t<div class=\"elementor-icon\">\n\t\t\t<svg aria-hidden=\"true\" class=\"e-font-icon-svg e-fas-calendar-alt\" viewBox=\"0 0 448 512\" xmlns=\"http:\/\/www.w3.org\/2000\/svg\"><path d=\"M0 464c0 26.5 21.5 48 48 48h352c26.5 0 48-21.5 48-48V192H0v272zm320-196c0-6.6 5.4-12 12-12h40c6.6 0 12 5.4 12 12v40c0 6.6-5.4 12-12 12h-40c-6.6 0-12-5.4-12-12v-40zm0 128c0-6.6 5.4-12 12-12h40c6.6 0 12 5.4 12 12v40c0 6.6-5.4 12-12 12h-40c-6.6 0-12-5.4-12-12v-40zM192 268c0-6.6 5.4-12 12-12h40c6.6 0 12 5.4 12 12v40c0 6.6-5.4 12-12 12h-40c-6.6 0-12-5.4-12-12v-40zm0 128c0-6.6 5.4-12 12-12h40c6.6 0 12 5.4 12 12v40c0 6.6-5.4 12-12 12h-40c-6.6 0-12-5.4-12-12v-40zM64 268c0-6.6 5.4-12 12-12h40c6.6 0 12 5.4 12 12v40c0 6.6-5.4 12-12 12H76c-6.6 0-12-5.4-12-12v-40zm0 128c0-6.6 5.4-12 12-12h40c6.6 0 12 5.4 12 12v40c0 6.6-5.4 12-12 12H76c-6.6 0-12-5.4-12-12v-40zM400 64h-48V16c0-8.8-7.2-16-16-16h-32c-8.8 0-16 7.2-16 16v48H160V16c0-8.8-7.2-16-16-16h-32c-8.8 0-16 7.2-16 16v48H48C21.5 64 0 85.5 0 112v48h448v-48c0-26.5-21.5-48-48-48z\"><\/path><\/svg>\t\t\t<\/div>\n\t\t<\/div>\n\t\t\t\t<\/div>\n\t\t\t\t<\/div>\n\t\t\t\t<\/div>\n\t\t<div class=\"elementor-element elementor-element-26d0377 e-con-full e-flex e-con e-child\" data-id=\"26d0377\" data-element_type=\"container\">\n\t\t\t\t<div class=\"elementor-element elementor-element-869638b elementor-widget elementor-widget-text-editor\" data-id=\"869638b\" data-element_type=\"widget\" data-widget_type=\"text-editor.default\">\n\t\t\t\t<div class=\"elementor-widget-container\">\n\t\t\t\t\t\t\t<ul>\n<li><strong>Samstag den 04.05.2024, 15:00Uhr &nbsp;<\/strong> <strong>&#8211;<\/strong> Treffpunkt: <br>Lehnwiesen (Reit- und Fahrverein Ronneburger H\u00fcgelland) mit anschlie\u00dfendem Kaffee und Kuchen im Reiterst\u00fcbchen des R.u.F.V Ronneburger H\u00fcgelland<\/li>\n<p><!-- \/wp:list-item --><!-- wp:list-item --><\/p>\n<li><strong>Samstag den 25.05.2024, 15:00Uhr<\/strong> &#8211; Treffpunkt:<br>Sportplatz H\u00fcttenges\u00e4\u00df mit &nbsp;anschlie\u00dfendem Kaffee und &nbsp;Kuchen im Vereinsheim der Fu\u00dfballer<\/li>\n<li><strong>Sonntag den 02.06.2024, &nbsp;15:00Uhr &#8211;<\/strong> &nbsp;Treffpunkt:<br>Lehnwiesen (Reit- und Fahrverein Ronneburger H\u00fcgelland) mit anschlie\u00dfendem Kaffee und Kuchen im Reiterst\u00fcbchen des R.u.F.V Ronneburger H\u00fcgelland<\/li>\n<\/ul>\t\t\t\t\t\t<\/div>\n\t\t\t\t<\/div>\n\t\t\t\t<\/div>\n\t\t\t\t\t<\/div>\n\t\t\t\t<\/div>\n\t\t<div class=\"elementor-element elementor-element-e1ec6c0 e-flex e-con-boxed e-con e-parent\" data-id=\"e1ec6c0\" data-element_type=\"container\">\n\t\t\t\t\t<div class=\"e-con-inner\">\n\t\t\t\t<div class=\"elementor-element elementor-element-32fb07f elementor-widget elementor-widget-heading\" data-id=\"32fb07f\" data-element_type=\"widget\" data-widget_type=\"heading.default\">\n\t\t\t\t<div class=\"elementor-widget-container\">\n\t\t\t<h2 class=\"elementor-heading-title elementor-size-default\">Impressionen<\/h2>\t\t<\/div>\n\t\t\t\t<\/div>\n\t\t\t\t\t<\/div>\n\t\t\t\t<\/div>\n\t\t<div class=\"elementor-element elementor-element-d387958 e-flex e-con-boxed e-con e-parent\" data-id=\"d387958\" data-element_type=\"container\">\n\t\t\t\t\t<div class=\"e-con-inner\">\n\t\t<div class=\"elementor-element elementor-element-627ea7b e-con-full e-flex e-con e-child\" data-id=\"627ea7b\" data-element_type=\"container\">\n\t\t\t\t<div class=\"elementor-element elementor-element-2725dca elementor-widget elementor-widget-image\" data-id=\"2725dca\" data-element_type=\"widget\" data-widget_type=\"image.default\">\n\t\t\t\t<div class=\"elementor-widget-container\">\n\t\t\t<style>\/*! elementor - v3.21.0 - 18-04-2024 *\/\n.elementor-widget-image{text-align:center}.elementor-widget-image a{display:inline-block}.elementor-widget-image a img[src$=\".svg\"]{width:48px}.elementor-widget-image img{vertical-align:middle;display:inline-block}<\/style>\t\t\t\t\t\t\t<figure class=\"wp-caption\">\n\t\t\t\t\t\t\t\t\t\t<img fetchpriority=\"high\" decoding=\"async\" width=\"812\" height=\"457\" src=\"https:\/\/scharfenorth.com\/wp-content\/uploads\/2024\/05\/erster-Spaziergang-1024x576.jpg\" class=\"attachment-large size-large wp-image-179\" alt=\"\" srcset=\"https:\/\/scharfenorth.com\/wp-content\/uploads\/2024\/05\/erster-Spaziergang-1024x576.jpg 1024w, https:\/\/scharfenorth.com\/wp-content\/uploads\/2024\/05\/erster-Spaziergang-300x169.jpg 300w, https:\/\/scharfenorth.com\/wp-content\/uploads\/2024\/05\/erster-Spaziergang-768x432.jpg 768w, https:\/\/scharfenorth.com\/wp-content\/uploads\/2024\/05\/erster-Spaziergang.jpg 1182w\" sizes=\"(max-width: 812px) 100vw, 812px\" \/>\t\t\t\t\t\t\t\t\t\t\t<figcaption class=\"widget-image-caption wp-caption-text\">B\u00fcrgeraustausch am 04.05.3024<\/figcaption>\n\t\t\t\t\t\t\t\t\t\t<\/figure>\n\t\t\t\t\t\t\t<\/div>\n\t\t\t\t<\/div>\n\t\t\t\t<\/div>\n\t\t<div class=\"elementor-element elementor-element-aee5343 e-con-full e-flex e-con e-child\" data-id=\"aee5343\" data-element_type=\"container\">\n\t\t\t\t<div class=\"elementor-element elementor-element-8215bdf elementor-widget elementor-widget-image\" data-id=\"8215bdf\" data-element_type=\"widget\" data-widget_type=\"image.default\">\n\t\t\t\t<div class=\"elementor-widget-container\">\n\t\t\t\t\t\t\t\t\t\t<figure class=\"wp-caption\">\n\t\t\t\t\t\t\t\t\t\t<img decoding=\"async\" width=\"812\" height=\"609\" src=\"https:\/\/scharfenorth.com\/wp-content\/uploads\/2024\/05\/Feuerwehrfest-1024x768.jpg\" class=\"attachment-large size-large wp-image-182\" alt=\"\" srcset=\"https:\/\/scharfenorth.com\/wp-content\/uploads\/2024\/05\/Feuerwehrfest-1024x768.jpg 1024w, https:\/\/scharfenorth.com\/wp-content\/uploads\/2024\/05\/Feuerwehrfest-300x225.jpg 300w, https:\/\/scharfenorth.com\/wp-content\/uploads\/2024\/05\/Feuerwehrfest-768x576.jpg 768w, https:\/\/scharfenorth.com\/wp-content\/uploads\/2024\/05\/Feuerwehrfest-1536x1152.jpg 1536w, https:\/\/scharfenorth.com\/wp-content\/uploads\/2024\/05\/Feuerwehrfest.jpg 1600w\" sizes=\"(max-width: 812px) 100vw, 812px\" \/>\t\t\t\t\t\t\t\t\t\t\t<figcaption class=\"widget-image-caption wp-caption-text\">Besuch Feuerwehfest 19.05.2024<\/figcaption>\n\t\t\t\t\t\t\t\t\t\t<\/figure>\n\t\t\t\t\t\t\t<\/div>\n\t\t\t\t<\/div>\n\t\t\t\t<\/div>\n\t\t<div class=\"elementor-element elementor-element-8547129 e-con-full e-flex e-con e-child\" data-id=\"8547129\" data-element_type=\"container\">\n\t\t\t\t<div class=\"elementor-element elementor-element-83df509 elementor-widget elementor-widget-image\" data-id=\"83df509\" data-element_type=\"widget\" data-widget_type=\"image.default\">\n\t\t\t\t<div class=\"elementor-widget-container\">\n\t\t\t\t\t\t\t\t\t\t<figure class=\"wp-caption\">\n\t\t\t\t\t\t\t\t\t\t<img decoding=\"async\" width=\"812\" height=\"609\" src=\"https:\/\/scharfenorth.com\/wp-content\/uploads\/2024\/05\/Feuerwehfest-2.0-1024x768.jpg\" class=\"attachment-large size-large wp-image-181\" alt=\"\" srcset=\"https:\/\/scharfenorth.com\/wp-content\/uploads\/2024\/05\/Feuerwehfest-2.0-1024x768.jpg 1024w, https:\/\/scharfenorth.com\/wp-content\/uploads\/2024\/05\/Feuerwehfest-2.0-300x225.jpg 300w, https:\/\/scharfenorth.com\/wp-content\/uploads\/2024\/05\/Feuerwehfest-2.0-768x576.jpg 768w, https:\/\/scharfenorth.com\/wp-content\/uploads\/2024\/05\/Feuerwehfest-2.0-1536x1152.jpg 1536w, https:\/\/scharfenorth.com\/wp-content\/uploads\/2024\/05\/Feuerwehfest-2.0.jpg 1600w\" sizes=\"(max-width: 812px) 100vw, 812px\" \/>\t\t\t\t\t\t\t\t\t\t\t<figcaption class=\"widget-image-caption wp-caption-text\"><\/figcaption>\n\t\t\t\t\t\t\t\t\t\t<\/figure>\n\t\t\t\t\t\t\t<\/div>\n\t\t\t\t<\/div>\n\t\t\t\t<\/div>\n\t\t<div class=\"elementor-element elementor-element-dcd1bfe e-con-full e-flex e-con e-child\" data-id=\"dcd1bfe\" data-element_type=\"container\">\n\t\t\t\t<\/div>\n\t\t<div class=\"elementor-element elementor-element-a697bdf e-con-full e-flex e-con e-child\" data-id=\"a697bdf\" data-element_type=\"container\">\n\t\t\t\t<\/div>\n\t\t<div class=\"elementor-element elementor-element-056afef e-con-full e-flex e-con e-child\" data-id=\"056afef\" data-element_type=\"container\">\n\t\t\t\t<\/div>\n\t\t\t\t\t<\/div>\n\t\t\t\t<\/div>\n\t\t\t\t<\/div>\n\t\t","protected":false},"excerpt":{"rendered":"<p>Termine Spazierg\u00e4nge Ich m\u00f6chte Ihnen die Chance bieten mich so kennenzulernen, wie ich bin. Daher habe ich mir \u00fcberlegt, im Sinne meiner Agenda, an einigen Sonntagen kleine Spazierg\u00e4nge von unseren &#8222;Lost-Places&#8220; zu Treffpunkten der Gemeinschaft zu machen. So k\u00f6nnen Sie mich ganz pers\u00f6nlich kennenlernen! Abschlie\u00dfen m\u00f6chte ich diese Veranstaltungen in gem\u00fctlicher Atmosph\u00e4re bei Kaffee und [&hellip;]<\/p>\n","protected":false},"author":1,"featured_media":0,"parent":0,"menu_order":0,"comment_status":"closed","ping_status":"closed","template":"","meta":{"footnotes":""},"_links":{"self":[{"href":"https:\/\/scharfenorth.com\/index.php?rest_route=\/wp\/v2\/pages\/15"}],"collection":[{"href":"https:\/\/scharfenorth.com\/index.php?rest_route=\/wp\/v2\/pages"}],"about":[{"href":"https:\/\/scharfenorth.com\/index.php?rest_route=\/wp\/v2\/types\/page"}],"author":[{"embeddable":true,"href":"https:\/\/scharfenorth.com\/index.php?rest_route=\/wp\/v2\/users\/1"}],"replies":[{"embeddable":true,"href":"https:\/\/scharfenorth.com\/index.php?rest_route=%2Fwp%2Fv2%2Fcomments&post=15"}],"version-history":[{"count":17,"href":"https:\/\/scharfenorth.com\/index.php?rest_route=\/wp\/v2\/pages\/15\/revisions"}],"predecessor-version":[{"id":185,"href":"https:\/\/scharfenorth.com\/index.php?rest_route=\/wp\/v2\/pages\/15\/revisions\/185"}],"wp:attachment":[{"href":"https:\/\/scharfenorth.com\/index.php?rest_route=%2Fwp%2Fv2%2Fmedia&parent=15"}],"curies":[{"name":"wp","href":"https:\/\/api.w.org\/{rel}","templated":true}]}}