{"id":107,"date":"2024-04-20T16:03:19","date_gmt":"2024-04-20T16:03:19","guid":{"rendered":"https:\/\/scharfenorth.com\/?page_id=107"},"modified":"2024-05-22T20:04:03","modified_gmt":"2024-05-22T20:04:03","slug":"elementor-107","status":"publish","type":"page","link":"https:\/\/scharfenorth.com\/?page_id=107","title":{"rendered":"FAQ"},"content":{"rendered":"\t\t<div data-elementor-type=\"wp-post\" data-elementor-id=\"107\" class=\"elementor elementor-107\">\n\t\t\t\t<div class=\"elementor-element elementor-element-daa1f86 e-flex e-con-boxed e-con e-parent\" data-id=\"daa1f86\" data-element_type=\"container\">\n\t\t\t\t\t<div class=\"e-con-inner\">\n\t\t\t\t<div class=\"elementor-element elementor-element-cd66f23 elementor-widget elementor-widget-image\" data-id=\"cd66f23\" data-element_type=\"widget\" data-widget_type=\"image.default\">\n\t\t\t\t<div class=\"elementor-widget-container\">\n\t\t\t<style>\/*! elementor - v3.21.0 - 18-04-2024 *\/\n.elementor-widget-image{text-align:center}.elementor-widget-image a{display:inline-block}.elementor-widget-image a img[src$=\".svg\"]{width:48px}.elementor-widget-image img{vertical-align:middle;display:inline-block}<\/style>\t\t\t\t\t\t\t\t\t\t<img fetchpriority=\"high\" decoding=\"async\" width=\"812\" height=\"542\" src=\"https:\/\/scharfenorth.com\/wp-content\/uploads\/2024\/04\/Raps_HUe-1024x683.jpg\" class=\"attachment-large size-large wp-image-109\" alt=\"\" srcset=\"https:\/\/scharfenorth.com\/wp-content\/uploads\/2024\/04\/Raps_HUe-1024x683.jpg 1024w, https:\/\/scharfenorth.com\/wp-content\/uploads\/2024\/04\/Raps_HUe-300x200.jpg 300w, https:\/\/scharfenorth.com\/wp-content\/uploads\/2024\/04\/Raps_HUe-768x512.jpg 768w, https:\/\/scharfenorth.com\/wp-content\/uploads\/2024\/04\/Raps_HUe-1536x1024.jpg 1536w, https:\/\/scharfenorth.com\/wp-content\/uploads\/2024\/04\/Raps_HUe-2048x1365.jpg 2048w\" sizes=\"(max-width: 812px) 100vw, 812px\" \/>\t\t\t\t\t\t\t\t\t\t\t\t\t<\/div>\n\t\t\t\t<\/div>\n\t\t\t\t\t<\/div>\n\t\t\t\t<\/div>\n\t\t<div class=\"elementor-element elementor-element-66a3ef6 e-flex e-con-boxed e-con e-parent\" data-id=\"66a3ef6\" data-element_type=\"container\">\n\t\t\t\t\t<div class=\"e-con-inner\">\n\t\t\t\t<div class=\"elementor-element elementor-element-086fb4a elementor-widget elementor-widget-heading\" data-id=\"086fb4a\" data-element_type=\"widget\" data-widget_type=\"heading.default\">\n\t\t\t\t<div class=\"elementor-widget-container\">\n\t\t\t<style>\/*! elementor - v3.21.0 - 18-04-2024 *\/\n.elementor-heading-title{padding:0;margin:0;line-height:1}.elementor-widget-heading .elementor-heading-title[class*=elementor-size-]>a{color:inherit;font-size:inherit;line-height:inherit}.elementor-widget-heading .elementor-heading-title.elementor-size-small{font-size:15px}.elementor-widget-heading .elementor-heading-title.elementor-size-medium{font-size:19px}.elementor-widget-heading .elementor-heading-title.elementor-size-large{font-size:29px}.elementor-widget-heading .elementor-heading-title.elementor-size-xl{font-size:39px}.elementor-widget-heading .elementor-heading-title.elementor-size-xxl{font-size:59px}<\/style><h2 class=\"elementor-heading-title elementor-size-default\">Kontaktdaten<\/h2>\t\t<\/div>\n\t\t\t\t<\/div>\n\t\t\t\t<div class=\"elementor-element elementor-element-eaa861d elementor-widget elementor-widget-text-editor\" data-id=\"eaa861d\" data-element_type=\"widget\" data-widget_type=\"text-editor.default\">\n\t\t\t\t<div class=\"elementor-widget-container\">\n\t\t\t<style>\/*! elementor - v3.21.0 - 18-04-2024 *\/\n.elementor-widget-text-editor.elementor-drop-cap-view-stacked .elementor-drop-cap{background-color:#69727d;color:#fff}.elementor-widget-text-editor.elementor-drop-cap-view-framed .elementor-drop-cap{color:#69727d;border:3px solid;background-color:transparent}.elementor-widget-text-editor:not(.elementor-drop-cap-view-default) .elementor-drop-cap{margin-top:8px}.elementor-widget-text-editor:not(.elementor-drop-cap-view-default) .elementor-drop-cap-letter{width:1em;height:1em}.elementor-widget-text-editor .elementor-drop-cap{float:left;text-align:center;line-height:1;font-size:50px}.elementor-widget-text-editor .elementor-drop-cap-letter{display:inline-block}<\/style>\t\t\t\t<p>Email: anregungen@scharfenorth.com oder juergen@scharfenorth.com<\/p><p>Telefon: 0176-82368284<\/p>\t\t\t\t\t\t<\/div>\n\t\t\t\t<\/div>\n\t\t\t\t<div class=\"elementor-element elementor-element-8fe6aa2 elementor-widget elementor-widget-heading\" data-id=\"8fe6aa2\" data-element_type=\"widget\" data-widget_type=\"heading.default\">\n\t\t\t\t<div class=\"elementor-widget-container\">\n\t\t\t<h2 class=\"elementor-heading-title elementor-size-default\">FAQ<\/h2>\t\t<\/div>\n\t\t\t\t<\/div>\n\t\t\t\t\t<\/div>\n\t\t\t\t<\/div>\n\t\t<div class=\"elementor-element elementor-element-eebe0e8 e-flex e-con-boxed e-con e-parent\" data-id=\"eebe0e8\" data-element_type=\"container\">\n\t\t\t\t\t<div class=\"e-con-inner\">\n\t\t\t\t<div class=\"elementor-element elementor-element-fc6d49b elementor-widget elementor-widget-text-editor\" data-id=\"fc6d49b\" data-element_type=\"widget\" data-widget_type=\"text-editor.default\">\n\t\t\t\t<div class=\"elementor-widget-container\">\n\t\t\t\t\t\t\t<p><strong>F: Wer sind Sie und warum kandidieren Sie f\u00fcr das B\u00fcrgermeisteramt?<\/strong><\/p><p>A: Mein Name ist J\u00fcrgen Scharfenorth und ich kandidiere f\u00fcr das B\u00fcrgermeisteramt, weil ich eine tiefe Verbundenheit mit unserer Gemeinde habe und aktiv dazu beitragen m\u00f6chte, sie zu verbessern und voranzubringen. Ich bringe langj\u00e4hrige Erfahrung in Finanzplanung, Unternehmensberatung mit und habe mich bereits in verschiedenen kommunalen Projekten engagiert.<\/p><p><strong>F: Was sind Ihre wichtigsten Ziele und Priorit\u00e4ten f\u00fcr unsere Gemeinde?<\/strong><\/p><p>A: Meine wichtigsten Ziele und Priorit\u00e4ten umfassen Infrastruktur, Kinderbetreuung, Zukunftsf\u00e4higkeit und langfristige Stabilit\u00e4t. Ich strebe eine nachhaltige Entwicklung an, die die Bed\u00fcrfnisse aller B\u00fcrgerinnen und B\u00fcrger ber\u00fccksichtigt und unsere Gemeinde lebenswert macht.<\/p><p><strong>F: Wie werden Sie sicherstellen, dass die B\u00fcrgerinnen und B\u00fcrger in Entscheidungen einbezogen werden?<\/strong><\/p><p>A: Ich werde eine offene und transparente Art f\u00f6rdern und regelm\u00e4\u00dfige M\u00f6glichkeiten f\u00fcr die B\u00fcrgerbeteiligung schaffen, sei es durch B\u00fcrgerversammlungen, oder offene Sprechstunden. Sprechen Sie mich an! Ich glaube fest daran, dass die Stimme der B\u00fcrgerinnen und B\u00fcrger geh\u00f6rt und respektiert werden muss.<\/p><p><strong>F: Wie werden Sie die Finanzierung Ihrer Projekte sicherstellen?<\/strong><\/p><p>A: Ich stehe f\u00fcr die verantwortungsvolle Haushaltsplanung in unserer Gemeinde und werde Priorit\u00e4ten setzen, um sicherzustellen, dass wir die wichtigsten Projekte finanzieren k\u00f6nnen.<\/p><p><strong>F: Wie k\u00f6nnen wir Sie unterst\u00fctzen?<\/strong><\/p><p>A: Sie k\u00f6nnen mich unterst\u00fctzen, indem Sie sich aktiv am politischen Prozess beteiligen, Ihre Anliegen und Ideen mit mir teilen und mich bei der Wahl unterst\u00fctzen, indem Sie Ihre Stimme abgeben. Gemeinsam k\u00f6nnen wir viel erreichen und unsere Gemeinde voranbringen.<\/p><p><strong>F: Wie kann ich mehr \u00fcber Ihre Kandidatur erfahren?<\/strong><\/p><p>A: Sie k\u00f6nnen mehr \u00fcber meine Kandidatur erfahren, indem Sie meine Website besuchen, mich auf Social Media folgen oder sich direkt an mein Team wenden. Ich stehe Ihnen gerne f\u00fcr weitere Fragen und Informationen zur Verf\u00fcgung.<\/p>\t\t\t\t\t\t<\/div>\n\t\t\t\t<\/div>\n\t\t\t\t\t<\/div>\n\t\t\t\t<\/div>\n\t\t\t\t<\/div>\n\t\t","protected":false},"excerpt":{"rendered":"<p>Kontaktdaten Email: anregungen@scharfenorth.com oder juergen@scharfenorth.com Telefon: 0176-82368284 FAQ F: Wer sind Sie und warum kandidieren Sie f\u00fcr das B\u00fcrgermeisteramt? A: Mein Name ist J\u00fcrgen Scharfenorth und ich kandidiere f\u00fcr das B\u00fcrgermeisteramt, weil ich eine tiefe Verbundenheit mit unserer Gemeinde habe und aktiv dazu beitragen m\u00f6chte, sie zu verbessern und voranzubringen. Ich bringe langj\u00e4hrige Erfahrung in [&hellip;]<\/p>\n","protected":false},"author":1,"featured_media":0,"parent":0,"menu_order":0,"comment_status":"closed","ping_status":"closed","template":"","meta":{"footnotes":""},"_links":{"self":[{"href":"https:\/\/scharfenorth.com\/index.php?rest_route=\/wp\/v2\/pages\/107"}],"collection":[{"href":"https:\/\/scharfenorth.com\/index.php?rest_route=\/wp\/v2\/pages"}],"about":[{"href":"https:\/\/scharfenorth.com\/index.php?rest_route=\/wp\/v2\/types\/page"}],"author":[{"embeddable":true,"href":"https:\/\/scharfenorth.com\/index.php?rest_route=\/wp\/v2\/users\/1"}],"replies":[{"embeddable":true,"href":"https:\/\/scharfenorth.com\/index.php?rest_route=%2Fwp%2Fv2%2Fcomments&post=107"}],"version-history":[{"count":8,"href":"https:\/\/scharfenorth.com\/index.php?rest_route=\/wp\/v2\/pages\/107\/revisions"}],"predecessor-version":[{"id":188,"href":"https:\/\/scharfenorth.com\/index.php?rest_route=\/wp\/v2\/pages\/107\/revisions\/188"}],"wp:attachment":[{"href":"https:\/\/scharfenorth.com\/index.php?rest_route=%2Fwp%2Fv2%2Fmedia&parent=107"}],"curies":[{"name":"wp","href":"https:\/\/api.w.org\/{rel}","templated":true}]}}